{"id":769,"date":"2020-07-14T18:58:25","date_gmt":"2020-07-14T18:58:25","guid":{"rendered":"http:\/\/construtorres.net.br\/site\/faleconosco-copy\/"},"modified":"2021-01-12T14:32:34","modified_gmt":"2021-01-12T14:32:34","slug":"trabalheconosco","status":"publish","type":"page","link":"https:\/\/construtorres.net.br\/site\/trabalheconosco\/","title":{"rendered":"Trabalhe Conosco"},"content":{"rendered":"<p>[et_pb_section fb_built=&#8221;1&#8243; _builder_version=&#8221;3.0.92&#8243; background_image=&#8221;https:\/\/construtorres.net.br\/site\/wp-content\/uploads\/2019\/01\/contato1.jpg&#8221; custom_padding=&#8221;129px|0px|115px|0px&#8221;][et_pb_row _builder_version=&#8221;3.0.92&#8243;][et_pb_column type=&#8221;4_4&#8243; _builder_version=&#8221;3.0.47&#8243; parallax=&#8221;off&#8221; parallax_method=&#8221;on&#8221;][et_pb_text background_layout=&#8221;dark&#8221; _builder_version=&#8221;3.0.92&#8243; text_font=&#8221;Roboto Condensed|700|on||||||&#8221; text_font_size=&#8221;51px&#8221;]TRABALHE CONOSCO<br \/>\n[\/et_pb_text][\/et_pb_column][\/et_pb_row][\/et_pb_section][et_pb_section fb_built=&#8221;1&#8243; _builder_version=&#8221;3.0.92&#8243;][et_pb_row _builder_version=&#8221;3.0.92&#8243;][et_pb_column type=&#8221;1_2&#8243; _builder_version=&#8221;3.0.47&#8243; parallax=&#8221;off&#8221; parallax_method=&#8221;on&#8221;][et_pb_code _builder_version=&#8221;3.0.92&#8243;][contact-form-7 404 \"N\u00e3o encontrado\"][\/et_pb_code][\/et_pb_column][et_pb_column type=&#8221;1_2&#8243; _builder_version=&#8221;3.0.47&#8243; parallax=&#8221;off&#8221; parallax_method=&#8221;on&#8221;][et_pb_image src=&#8221;https:\/\/construtorres.net.br\/site\/wp-content\/uploads\/2019\/01\/logo_CONSTRUTORRES.jpg&#8221; align=&#8221;center&#8221; _builder_version=&#8221;3.0.92&#8243;][\/et_pb_image][et_pb_text _builder_version=&#8221;3.0.92&#8243;]<\/p>\n<ol>\n<li>Favor preencher corretamente com os seus dados.<\/li>\n<li>Anexar arquivo de curr\u00edculo com foto.<\/li>\n<li>Dar prefer\u00eancia para arquivos tipo PDF, DOC ou JPG.<\/li>\n<\/ol>\n<p>Atenciosamente,<br \/>\nA Diretoria<\/p>\n<p>[\/et_pb_text][\/et_pb_column][\/et_pb_row][et_pb_row _builder_version=&#8221;3.0.92&#8243;][et_pb_column type=&#8221;4_4&#8243; _builder_version=&#8221;3.0.47&#8243; parallax=&#8221;off&#8221; parallax_method=&#8221;on&#8221;][\/et_pb_column][\/et_pb_row][\/et_pb_section][et_pb_section fb_built=&#8221;1&#8243; _builder_version=&#8221;3.0.92&#8243; custom_padding=&#8221;20px|0px|71px|0px&#8221; global_module=&#8221;242&#8243;][et_pb_row make_fullwidth=&#8221;on&#8221; custom_padding=&#8221;50px|50px|50px|50px&#8221; _builder_version=&#8221;3.0.92&#8243; background_image=&#8221;https:\/\/construtorres.net.br\/site\/wp-content\/uploads\/2019\/01\/bg_construtorres.jpg&#8221; border_width_top=&#8221;7px&#8221; border_color_top=&#8221;#3a306c&#8221; border_width_bottom=&#8221;8px&#8221; border_color_bottom=&#8221;#3a306c&#8221;][et_pb_column type=&#8221;1_2&#8243; _builder_version=&#8221;3.0.47&#8243; parallax=&#8221;off&#8221; parallax_method=&#8221;on&#8221;][et_pb_text _builder_version=&#8221;3.0.92&#8243; text_font=&#8221;Roboto Condensed|700|on||||||&#8221; text_font_size=&#8221;54px&#8221; text_font_size_phone=&#8221;28px&#8221; text_font_size_last_edited=&#8221;on|phone&#8221; text_orientation=&#8221;center&#8221;]<\/p>\n<p>SHOW ROOM<\/p>\n<p>[\/et_pb_text][et_pb_text _builder_version=&#8221;3.0.92&#8243;]<\/p>\n<p style=\"text-align: justify;\">A estrutura atual foi inaugurada em 2010, com o objetivo de melhorar o atendimento e de expandir os neg\u00f3cios para as demais cidades da regi\u00e3o, j\u00e1 que a estrutura tem capacidade para atender uma popula\u00e7\u00e3o de 300 mil habitantes, sendo considerada a loja de\u00a0<b>materiais de constru\u00e7\u00e3o<\/b>\u00a0com o maior espa\u00e7o f\u00edsico da regi\u00e3o.<\/p>\n<p>[\/et_pb_text][et_pb_text _builder_version=&#8221;3.0.92&#8243;]<\/p>\n<p style=\"text-align: justify;\"><strong>DEPARTAMENTOS<\/strong><\/p>\n<p style=\"text-align: justify;\">\u2022 Banheiro\u00a0 \u00a0 \u00a0 \u00a0 \u00a0 \u00a0 \u00a0 \u00a0 \u00a0 \u00a0 \u00a0 \u00a0 \u00a0 \u00a0 \u00a0 \u00a0 \u00a0 \u00a0 \u00a0 \u00a0 \u2022 Cozinha e Lavanderia <br \/>\u2022 Ilumina\u00e7\u00e3o\u00a0 \u00a0 \u00a0 \u00a0 \u00a0 \u00a0 \u00a0 \u00a0 \u00a0 \u00a0 \u00a0 \u00a0 \u00a0 \u00a0 \u00a0 \u00a0 \u00a0 \u00a0 \u00a0\u2022 Pisos e Revestimentos <br \/>\u2022 Portas e Janelas \u00a0 \u00a0 \u00a0 \u00a0 \u00a0 \u00a0 \u00a0 \u00a0 \u00a0 \u00a0 \u00a0 \u00a0 \u00a0 \u00a0\u2022 \u00c1rea Externa <br \/>\u2022 Pintura\u00a0\u00a0 \u00a0 \u00a0 \u00a0 \u00a0 \u00a0 \u00a0 \u00a0 \u00a0 \u00a0 \u00a0 \u00a0 \u00a0 \u00a0 \u00a0 \u00a0 \u00a0 \u00a0 \u00a0 \u00a0 \u00a0 \u2022 El\u00e9trica <br \/>\u2022 Ferramentas \u00a0 \u00a0 \u00a0 \u00a0 \u00a0 \u00a0 \u00a0 \u00a0 \u00a0 \u00a0 \u00a0 \u00a0 \u00a0 \u00a0 \u00a0 \u00a0 \u2022 Hidr\u00e1ulica <br \/>\u2022 Materiais para Constru\u00e7\u00e3o\u00a0 \u00a0 \u00a0 \u00a0 \u2022 Decora\u00e7\u00e3o e Organiza\u00e7\u00e3o <br \/>\u2022 Fechaduras e Dobradi\u00e7as\u00a0 \u00a0 \u00a0 \u00a0 \u00a0 \u2022 Utilidades<\/p>\n<p>[\/et_pb_text][et_pb_text _builder_version=&#8221;3.0.92&#8243;]<\/p>\n<p style=\"text-align: center;\"><b>CONTINUE LENDO SOBRE A CONSTRUTURRES:<br \/><\/b><\/p>\n<p>[\/et_pb_text][et_pb_button button_url=&#8221;http:\/\/construtorres.net.br\/site\/sobrenos\/&#8221; button_text=&#8221;CONHE\u00c7A NOSSA HIST\u00d3RIA !&#8221; button_alignment=&#8221;center&#8221; _builder_version=&#8221;3.0.92&#8243; custom_button=&#8221;on&#8221; button_text_size=&#8221;32px&#8221; button_text_color=&#8221;#ffffff&#8221; button_bg_color=&#8221;#3A306C&#8221; button_border_width=&#8221;0px&#8221; button_font=&#8221;||||||||&#8221; button_icon=&#8221;%%3%%&#8221; button_text_size_phone=&#8221;18px&#8221; button_text_size_last_edited=&#8221;on|desktop&#8221;]<\/p>\n<p>\u00a0<\/p>\n<p>[\/et_pb_button][\/et_pb_column][et_pb_column type=&#8221;1_2&#8243; _builder_version=&#8221;3.0.47&#8243; parallax=&#8221;off&#8221; parallax_method=&#8221;on&#8221;][et_pb_gallery gallery_ids=&#8221;119,120,121,126,128,130,134,141,158,159,160,161&#8243; gallery_captions=&#8221;,,,,,,,,,,,,,,,,,,,,,,,,,,,,,,,,,,,,,,,,,,,&#8221; fullwidth=&#8221;on&#8221; hover_icon=&#8221;%%51%%&#8221; _builder_version=&#8221;3.0.92&#8243; pagination_font_size_tablet=&#8221;51&#8243; pagination_line_height_tablet=&#8221;2&#8243; border_width_all=&#8221;19px&#8221; border_color_all=&#8221;#ffffff&#8221; box_shadow_style=&#8221;preset1&#8243;]<\/p>\n<p>\u00a0<\/p>\n<p>[\/et_pb_gallery][\/et_pb_column][\/et_pb_row][\/et_pb_section][et_pb_section fb_built=&#8221;1&#8243; _builder_version=&#8221;3.0.92&#8243; custom_padding=&#8221;0px|0px|0px|0px&#8221; global_module=&#8221;244&#8243;][et_pb_row _builder_version=&#8221;3.0.92&#8243;][et_pb_column type=&#8221;4_4&#8243; _builder_version=&#8221;3.0.47&#8243; parallax=&#8221;off&#8221; parallax_method=&#8221;on&#8221;][et_pb_text _builder_version=&#8221;3.0.92&#8243; max_width=&#8221;98%&#8221; module_alignment=&#8221;center&#8221;]<\/p>\n<p><img loading=\"lazy\" class=\"wp-image-47 alignnone size-medium\" src=\"https:\/\/construtorres.net.br\/site\/wp-content\/uploads\/2019\/01\/palladium.jpg\" alt=\"\" width=\"118\" height=\"60\" \/>\u00a0 \u00a0<img loading=\"lazy\" class=\"wp-image-48 alignnone size-medium\" src=\"https:\/\/construtorres.net.br\/site\/wp-content\/uploads\/2019\/01\/docol.jpg\" alt=\"\" width=\"118\" height=\"60\" \/>\u00a0\u00a0 <img loading=\"lazy\" class=\"wp-image-49 alignnone size-medium\" src=\"https:\/\/construtorres.net.br\/site\/wp-content\/uploads\/2019\/01\/suvinil.jpg\" alt=\"\" width=\"118\" height=\"60\" \/>\u00a0\u00a0 <img loading=\"lazy\" class=\"wp-image-50 alignnone size-medium\" src=\"https:\/\/construtorres.net.br\/site\/wp-content\/uploads\/2019\/01\/tigre.jpg\" alt=\"\" width=\"118\" height=\"60\" \/>\u00a0\u00a0 <img loading=\"lazy\" class=\"wp-image-51 alignnone size-medium\" src=\"https:\/\/construtorres.net.br\/site\/wp-content\/uploads\/2019\/01\/kimetais.jpg\" alt=\"\" width=\"118\" height=\"60\" \/>\u00a0\u00a0 <img loading=\"lazy\" class=\"wp-image-52 alignnone size-medium\" src=\"https:\/\/construtorres.net.br\/site\/wp-content\/uploads\/2019\/01\/hydra.jpg\" alt=\"\" width=\"118\" height=\"60\" \/>\u00a0\u00a0 <img loading=\"lazy\" class=\"wp-image-53 alignnone size-medium\" src=\"https:\/\/construtorres.net.br\/site\/wp-content\/uploads\/2019\/01\/lume.jpg\" alt=\"\" width=\"118\" height=\"60\" \/>\u00a0\u00a0 <img loading=\"lazy\" class=\"wp-image-54 alignnone size-medium\" src=\"https:\/\/construtorres.net.br\/site\/wp-content\/uploads\/2019\/01\/sasazaki.jpg\" alt=\"\" width=\"118\" height=\"60\" \/><\/p>\n<p>[\/et_pb_text][\/et_pb_column][\/et_pb_row][\/et_pb_section]<\/p>\n","protected":false},"excerpt":{"rendered":"<p>[et_pb_section fb_built=&#8221;1&#8243; _builder_version=&#8221;3.0.92&#8243; background_image=&#8221;https:\/\/construtorres.net.br\/site\/wp-content\/uploads\/2019\/01\/contato1.jpg&#8221; custom_padding=&#8221;129px|0px|115px|0px&#8221;][et_pb_row _builder_version=&#8221;3.0.92&#8243;][et_pb_column type=&#8221;4_4&#8243; _builder_version=&#8221;3.0.47&#8243; parallax=&#8221;off&#8221; parallax_method=&#8221;on&#8221;][et_pb_text background_layout=&#8221;dark&#8221; _builder_version=&#8221;3.0.92&#8243; text_font=&#8221;Roboto Condensed|700|on||||||&#8221; text_font_size=&#8221;51px&#8221;]TRABALHE CONOSCO [\/et_pb_text][\/et_pb_column][\/et_pb_row][\/et_pb_section][et_pb_section fb_built=&#8221;1&#8243; _builder_version=&#8221;3.0.92&#8243;][et_pb_row _builder_version=&#8221;3.0.92&#8243;][et_pb_column type=&#8221;1_2&#8243; _builder_version=&#8221;3.0.47&#8243; parallax=&#8221;off&#8221; parallax_method=&#8221;on&#8221;][et_pb_code _builder_version=&#8221;3.0.92&#8243;][\/et_pb_code][\/et_pb_column][et_pb_column type=&#8221;1_2&#8243; _builder_version=&#8221;3.0.47&#8243; parallax=&#8221;off&#8221; parallax_method=&#8221;on&#8221;][et_pb_image src=&#8221;https:\/\/construtorres.net.br\/site\/wp-content\/uploads\/2019\/01\/logo_CONSTRUTORRES.jpg&#8221; align=&#8221;center&#8221; _builder_version=&#8221;3.0.92&#8243;][\/et_pb_image][et_pb_text _builder_version=&#8221;3.0.92&#8243;] Favor preencher corretamente com os seus dados. Anexar arquivo de curr\u00edculo com foto. Dar prefer\u00eancia para arquivos tipo PDF, DOC ou JPG. [&hellip;]<\/p>\n","protected":false},"author":1,"featured_media":0,"parent":0,"menu_order":0,"comment_status":"closed","ping_status":"closed","template":"","meta":[],"_links":{"self":[{"href":"https:\/\/construtorres.net.br\/site\/wp-json\/wp\/v2\/pages\/769"}],"collection":[{"href":"https:\/\/construtorres.net.br\/site\/wp-json\/wp\/v2\/pages"}],"about":[{"href":"https:\/\/construtorres.net.br\/site\/wp-json\/wp\/v2\/types\/page"}],"author":[{"embeddable":true,"href":"https:\/\/construtorres.net.br\/site\/wp-json\/wp\/v2\/users\/1"}],"replies":[{"embeddable":true,"href":"https:\/\/construtorres.net.br\/site\/wp-json\/wp\/v2\/comments?post=769"}],"version-history":[{"count":8,"href":"https:\/\/construtorres.net.br\/site\/wp-json\/wp\/v2\/pages\/769\/revisions"}],"predecessor-version":[{"id":955,"href":"https:\/\/construtorres.net.br\/site\/wp-json\/wp\/v2\/pages\/769\/revisions\/955"}],"wp:attachment":[{"href":"https:\/\/construtorres.net.br\/site\/wp-json\/wp\/v2\/media?parent=769"}],"curies":[{"name":"wp","href":"https:\/\/api.w.org\/{rel}","templated":true}]}}