{"id":40,"date":"2019-01-20T19:59:48","date_gmt":"2019-01-20T19:59:48","guid":{"rendered":"http:\/\/construtorres.net.br\/site\/?page_id=40"},"modified":"2024-04-03T20:18:15","modified_gmt":"2024-04-03T20:18:15","slug":"home","status":"publish","type":"page","link":"https:\/\/construtorres.net.br\/site\/home\/","title":{"rendered":"Home"},"content":{"rendered":"<p>[et_pb_section bb_built=&#8221;1&#8243; background_color=&#8221;#000000&#8243; _builder_version=&#8221;3.0.92&#8243; custom_padding=&#8221;1px|0px|15px|0px&#8221;][et_pb_row custom_padding=&#8221;21px|0px|0px|0px&#8221; _builder_version=&#8221;3.0.92&#8243;][et_pb_column type=&#8221;4_4&#8243;][et_pb_video _builder_version=&#8221;3.0.92&#8243; src=&#8221;https:\/\/www.youtube.com\/watch?v=mYgDUOy7a8Y&#8221; image_src=&#8221;\/\/i.ytimg.com\/vi\/mYgDUOy7a8Y\/hqdefault.jpg&#8221; \/][\/et_pb_column][\/et_pb_row][\/et_pb_section][et_pb_section bb_built=&#8221;1&#8243; background_color=&#8221;#FF6600&#8243; fullwidth=&#8221;on&#8221; _builder_version=&#8221;3.0.92&#8243; background_image=&#8221;https:\/\/construtorres.net.br\/site\/wp-content\/uploads\/2022\/06\/tijolopreto.jpg&#8221; custom_padding=&#8221;49px|0px|58px|0px&#8221;][et_pb_fullwidth_slider show_inner_shadow=&#8221;off&#8221; _builder_version=&#8221;3.0.92&#8243; custom_padding=&#8221;362px||362px|&#8221; custom_padding_tablet=&#8221;140px||130px|&#8221; custom_padding_phone=&#8221;75px||80px|&#8221; custom_padding_last_edited=&#8221;on|desktop&#8221; animation_style=&#8221;bounce&#8221; auto=&#8221;on&#8221; auto_ignore_hover=&#8221;on&#8221; show_arrows=&#8221;on&#8221; show_pagination=&#8221;on&#8221; custom_button=&#8221;off&#8221; button_icon_placement=&#8221;right&#8221; show_content_on_mobile=&#8221;on&#8221; show_cta_on_mobile=&#8221;on&#8221; show_image_video_mobile=&#8221;off&#8221;][et_pb_slide button_link=&#8221;https:\/\/wa.me\/message\/ZDHV4ZMDG7NJM1&#8243; use_bg_overlay=&#8221;off&#8221; use_text_overlay=&#8221;off&#8221; _builder_version=&#8221;3.0.92&#8243; background_color=&#8221;rgba(255,255,255,0)&#8221; background_image=&#8221;https:\/\/construtorres.net.br\/site\/wp-content\/uploads\/2024\/04\/Site-1.png&#8221; background_size=&#8221;contain&#8221; use_background_color_gradient=&#8221;off&#8221; background_color_gradient_start=&#8221;#2b87da&#8221; background_color_gradient_end=&#8221;#29c4a9&#8243; background_color_gradient_type=&#8221;linear&#8221; background_color_gradient_direction=&#8221;180deg&#8221; background_color_gradient_direction_radial=&#8221;center&#8221; background_color_gradient_start_position=&#8221;0%&#8221; background_color_gradient_end_position=&#8221;100%&#8221; background_color_gradient_overlays_image=&#8221;off&#8221; parallax=&#8221;off&#8221; parallax_method=&#8221;on&#8221; background_position=&#8221;center&#8221; background_repeat=&#8221;no-repeat&#8221; background_blend=&#8221;normal&#8221; allow_player_pause=&#8221;off&#8221; text_border_radius=&#8221;3&#8243; alignment=&#8221;center&#8221; child_filter_hue_rotate=&#8221;0deg&#8221; child_filter_saturate=&#8221;100%&#8221; child_filter_brightness=&#8221;100%&#8221; child_filter_contrast=&#8221;100%&#8221; child_filter_invert=&#8221;0%&#8221; child_filter_sepia=&#8221;0%&#8221; child_filter_opacity=&#8221;100%&#8221; child_filter_blur=&#8221;0px&#8221; child_mix_blend_mode=&#8221;normal&#8221; background_layout=&#8221;dark&#8221; \/][\/et_pb_fullwidth_slider][\/et_pb_section][et_pb_section bb_built=&#8221;1&#8243; background_color=&#8221;#000000&#8243; _builder_version=&#8221;3.0.92&#8243; custom_padding=&#8221;1px|0px|15px|0px&#8221;][et_pb_row custom_padding=&#8221;21px|0px|0px|0px&#8221; _builder_version=&#8221;3.0.92&#8243;][et_pb_column type=&#8221;4_4&#8243;][et_pb_image src=&#8221;https:\/\/construtorres.net.br\/site\/wp-content\/uploads\/2020\/03\/atendimento_01.png&#8221; url=&#8221;https:\/\/wa.me\/message\/ZDHV4ZMDG7NJM1&#8243; url_new_window=&#8221;on&#8221; align=&#8221;center&#8221; _builder_version=&#8221;3.0.92&#8243;]<\/p>\n<p>&nbsp;<\/p>\n<p>[\/et_pb_image][\/et_pb_column][\/et_pb_row][\/et_pb_section][et_pb_section bb_built=&#8221;1&#8243; _builder_version=&#8221;3.0.92&#8243; custom_padding=&#8221;20px|0px|71px|0px&#8221; global_module=&#8221;242&#8243;][et_pb_row global_parent=&#8221;242&#8243; make_fullwidth=&#8221;on&#8221; custom_padding=&#8221;50px|50px|50px|50px&#8221; _builder_version=&#8221;3.0.92&#8243; background_image=&#8221;https:\/\/construtorres.net.br\/site\/wp-content\/uploads\/2019\/01\/bg_construtorres.jpg&#8221; border_width_top=&#8221;7px&#8221; border_color_top=&#8221;#FF6600&#8243; border_width_bottom=&#8221;8px&#8221; border_color_bottom=&#8221;#FF6600&#8243;][et_pb_column type=&#8221;1_2&#8243;][et_pb_text global_parent=&#8221;242&#8243; _builder_version=&#8221;3.0.92&#8243; text_font=&#8221;Roboto Condensed|700|on||||||&#8221; text_font_size=&#8221;54px&#8221; text_font_size_phone=&#8221;28px&#8221; text_font_size_last_edited=&#8221;on|phone&#8221; text_orientation=&#8221;center&#8221;]<\/p>\n<p>SHOW ROOM<\/p>\n<p>[\/et_pb_text][et_pb_text global_parent=&#8221;242&#8243; _builder_version=&#8221;3.0.92&#8243;]<\/p>\n<p style=\"text-align: justify;\">A estrutura atual foi inaugurada em 2010, com o objetivo de melhorar o atendimento e de expandir os neg\u00f3cios para as demais cidades da regi\u00e3o, j\u00e1 que a estrutura tem capacidade para atender uma popula\u00e7\u00e3o de 300 mil habitantes, sendo considerada a loja de\u00a0<b>materiais de constru\u00e7\u00e3o<\/b>\u00a0com o maior espa\u00e7o f\u00edsico da regi\u00e3o.<\/p>\n<p>[\/et_pb_text][et_pb_text global_parent=&#8221;242&#8243; _builder_version=&#8221;3.0.92&#8243;]<\/p>\n<p style=\"text-align: justify;\"><strong>DEPARTAMENTOS<\/strong><\/p>\n<p style=\"text-align: justify;\">\u2022 Banheiro\u00a0 \u00a0 \u00a0 \u00a0 \u00a0 \u00a0 \u00a0 \u00a0 \u00a0 \u00a0 \u00a0 \u00a0 \u00a0 \u00a0 \u00a0 \u00a0 \u00a0 \u00a0 \u00a0 \u00a0 \u2022 Cozinha e Lavanderia<br \/>\n\u2022 Ilumina\u00e7\u00e3o\u00a0 \u00a0 \u00a0 \u00a0 \u00a0 \u00a0 \u00a0 \u00a0 \u00a0 \u00a0 \u00a0 \u00a0 \u00a0 \u00a0 \u00a0 \u00a0 \u00a0 \u00a0 \u00a0\u2022 Pisos e Revestimentos<br \/>\n\u2022 Portas e Janelas \u00a0 \u00a0 \u00a0 \u00a0 \u00a0 \u00a0 \u00a0 \u00a0 \u00a0 \u00a0 \u00a0 \u00a0 \u00a0 \u00a0\u2022 \u00c1rea Externa<br \/>\n\u2022 Pintura\u00a0\u00a0 \u00a0 \u00a0 \u00a0 \u00a0 \u00a0 \u00a0 \u00a0 \u00a0 \u00a0 \u00a0 \u00a0 \u00a0 \u00a0 \u00a0 \u00a0 \u00a0 \u00a0 \u00a0 \u00a0 \u00a0 \u2022 El\u00e9trica<br \/>\n\u2022 Ferramentas \u00a0 \u00a0 \u00a0 \u00a0 \u00a0 \u00a0 \u00a0 \u00a0 \u00a0 \u00a0 \u00a0 \u00a0 \u00a0 \u00a0 \u00a0 \u00a0 \u2022 Hidr\u00e1ulica<br \/>\n\u2022 Materiais para Constru\u00e7\u00e3o\u00a0 \u00a0 \u00a0 \u00a0 \u2022 Decora\u00e7\u00e3o e Organiza\u00e7\u00e3o<br \/>\n\u2022 Fechaduras e Dobradi\u00e7as\u00a0 \u00a0 \u00a0 \u00a0 \u00a0 \u2022 Utilidades<\/p>\n<p>[\/et_pb_text][et_pb_text global_parent=&#8221;242&#8243; _builder_version=&#8221;3.0.92&#8243;]<\/p>\n<p style=\"text-align: center;\"><b>CONTINUE LENDO SOBRE A CONSTRUTURRES:<br \/>\n<\/b><\/p>\n<p>[\/et_pb_text][et_pb_button global_parent=&#8221;242&#8243; button_url=&#8221;http:\/\/construtorres.net.br\/site\/sobrenos\/&#8221; button_text=&#8221;CONHE\u00c7A NOSSA HIST\u00d3RIA !&#8221; button_alignment=&#8221;center&#8221; _builder_version=&#8221;3.0.92&#8243; custom_button=&#8221;on&#8221; button_text_size=&#8221;32px&#8221; button_text_color=&#8221;#ffffff&#8221; button_bg_color=&#8221;#FF6600&#8243; button_border_width=&#8221;0px&#8221; button_font=&#8221;||||||||&#8221; button_icon=&#8221;%%3%%&#8221; button_text_size_phone=&#8221;18px&#8221; button_text_size_last_edited=&#8221;on|desktop&#8221;]<\/p>\n<p>&nbsp;<\/p>\n<p>[\/et_pb_button][\/et_pb_column][et_pb_column type=&#8221;1_2&#8243;][et_pb_gallery global_parent=&#8221;242&#8243; gallery_ids=&#8221;1419,1418,1417,1416,1415,1414,1413,1412&#8243; gallery_captions=&#8221;,,,,,,,,,,,,,,,,,,,,,,,,,,,,,,,,,,,,,,,,,,,&#8221; fullwidth=&#8221;on&#8221; hover_icon=&#8221;%%51%%&#8221; _builder_version=&#8221;3.0.92&#8243; pagination_font_size_tablet=&#8221;51&#8243; pagination_line_height_tablet=&#8221;2&#8243; border_width_all=&#8221;19px&#8221; border_color_all=&#8221;#ffffff&#8221; box_shadow_style=&#8221;preset1&#8243; show_title_and_caption=&#8221;on&#8221; show_pagination=&#8221;on&#8221; orientation=&#8221;landscape&#8221; zoom_icon_color=&#8221;#2ea3f2&#8243; hover_overlay_color=&#8221;rgba(255,255,255,0.9)&#8221; background_layout=&#8221;light&#8221;]<\/p>\n<p>&nbsp;<\/p>\n<p>[\/et_pb_gallery][\/et_pb_column][\/et_pb_row][\/et_pb_section][et_pb_section bb_built=&#8221;1&#8243; background_color=&#8221;#3a306c&#8221; module_id=&#8221;tabloide&#8221; _builder_version=&#8221;3.0.92&#8243; background_image=&#8221;https:\/\/construtorres.net.br\/site\/wp-content\/uploads\/2019\/01\/bg_tabloide.jpg&#8221; filter_hue_rotate=&#8221;141deg&#8221; filter_saturate=&#8221;116%&#8221; filter_brightness=&#8221;117%&#8221; filter_contrast=&#8221;166%&#8221;][et_pb_row _builder_version=&#8221;3.0.92&#8243;][et_pb_column type=&#8221;4_4&#8243;][et_pb_text background_layout=&#8221;dark&#8221; _builder_version=&#8221;3.0.92&#8243; text_font=&#8221;Roboto Condensed|700|on||||||&#8221; text_font_size=&#8221;55px&#8221; text_font_size_phone=&#8221;26px&#8221; text_font_size_last_edited=&#8221;on|desktop&#8221; text_orientation=&#8221;center&#8221;]<\/p>\n<p>CONSTRUTORRES ACABAMENTOS<\/p>\n<p>[\/et_pb_text][\/et_pb_column][\/et_pb_row][\/et_pb_section][et_pb_section bb_built=&#8221;1&#8243; _builder_version=&#8221;3.0.92&#8243; background_image=&#8221;https:\/\/construtorres.net.br\/site\/wp-content\/uploads\/2022\/06\/tijolopreto.jpg&#8221; background_position=&#8221;top_right&#8221;][et_pb_row _builder_version=&#8221;3.0.92&#8243;][et_pb_column type=&#8221;1_2&#8243;][et_pb_gallery gallery_ids=&#8221;1899&#8243; fullwidth=&#8221;on&#8221; hover_icon=&#8221;%%51%%&#8221; _builder_version=&#8221;3.0.92&#8243; pagination_font_size_tablet=&#8221;51&#8243; pagination_line_height_tablet=&#8221;2&#8243; border_width_all=&#8221;9px&#8221; border_color_all=&#8221;#e09900&#8243; auto=&#8221;on&#8221; show_title_and_caption=&#8221;on&#8221; show_pagination=&#8221;on&#8221; orientation=&#8221;landscape&#8221; zoom_icon_color=&#8221;#2ea3f2&#8243; hover_overlay_color=&#8221;rgba(255,255,255,0.9)&#8221; background_layout=&#8221;light&#8221;]<\/p>\n<p>&nbsp;<\/p>\n<p>[\/et_pb_gallery][\/et_pb_column][et_pb_column type=&#8221;1_2&#8243;][et_pb_gallery fullwidth=&#8221;on&#8221; hover_icon=&#8221;%%51%%&#8221; _builder_version=&#8221;3.0.92&#8243; pagination_font_size_tablet=&#8221;51&#8243; pagination_line_height_tablet=&#8221;2&#8243; border_width_all=&#8221;9px&#8221; border_color_all=&#8221;#e09900&#8243; auto=&#8221;on&#8221; show_title_and_caption=&#8221;on&#8221; show_pagination=&#8221;on&#8221; orientation=&#8221;landscape&#8221; zoom_icon_color=&#8221;#2ea3f2&#8243; hover_overlay_color=&#8221;rgba(255,255,255,0.9)&#8221; background_layout=&#8221;light&#8221; gallery_ids=&#8221;1901&#8243;]<\/p>\n<p>&nbsp;<\/p>\n<p>[\/et_pb_gallery][\/et_pb_column][\/et_pb_row][et_pb_row _builder_version=&#8221;3.0.92&#8243;][et_pb_column type=&#8221;4_4&#8243;][et_pb_button button_url=&#8221;https:\/\/construtorres.net.br\/site\/wp-content\/uploads\/2022\/07\/FOLHETO-DE-OFERTAS.pdf&#8221; url_new_window=&#8221;on&#8221; button_text=&#8221;BAIXE O TABL\u00d3IDE COMPLETO&#8221; button_alignment=&#8221;center&#8221; _builder_version=&#8221;3.0.92&#8243; custom_button=&#8221;on&#8221; button_text_size=&#8221;29px&#8221; button_text_color=&#8221;#ffffff&#8221; button_bg_color=&#8221;#FF6600&#8243; button_border_width=&#8221;0px&#8221; button_icon=&#8221;%%38%%&#8221; button_on_hover=&#8221;off&#8221;]<\/p>\n<p>&nbsp;<\/p>\n<p>[\/et_pb_button][\/et_pb_column][\/et_pb_row][\/et_pb_section][et_pb_section bb_built=&#8221;1&#8243; module_id=&#8221;ofertas&#8221; _builder_version=&#8221;3.0.92&#8243; border_width_bottom=&#8221;10px&#8221; border_color_bottom=&#8221;#FF6600&#8243;][et_pb_row _builder_version=&#8221;3.0.92&#8243;][et_pb_column type=&#8221;4_4&#8243;][et_pb_text background_layout=&#8221;dark&#8221; _builder_version=&#8221;3.0.92&#8243; text_font=&#8221;Roboto Condensed|700|on||||||&#8221; text_font_size=&#8221;51px&#8221; text_font_size_phone=&#8221;29px&#8221; text_font_size_last_edited=&#8221;on|desktop&#8221; text_text_color=&#8221;#FF6600&#8243; text_orientation=&#8221;center&#8221;]<\/p>\n<p>SELE\u00c7\u00c3O DE OFERTAS<\/p>\n<p>[\/et_pb_text][\/et_pb_column][\/et_pb_row][et_pb_row _builder_version=&#8221;3.0.92&#8243;][et_pb_column type=&#8221;4_4&#8243;][et_pb_button button_url=&#8221;https:\/\/www.facebook.com\/profile.php?id=1465280537114445&#8243; button_text=&#8221;VEJA MAIS EM NOSSA FANPAGE&#8221; button_alignment=&#8221;center&#8221; _builder_version=&#8221;3.0.92&#8243; custom_button=&#8221;on&#8221; button_text_size=&#8221;29px&#8221; button_text_color=&#8221;#ffffff&#8221; button_bg_color=&#8221;#FF6600&#8243; button_border_width=&#8221;0px&#8221; button_font=&#8221;||||||||&#8221; button_icon=&#8221;%%101%%&#8221; button_on_hover=&#8221;off&#8221;]<\/p>\n<p>&nbsp;<\/p>\n<p>[\/et_pb_button][\/et_pb_column][\/et_pb_row][\/et_pb_section]<\/p>\n","protected":false},"excerpt":{"rendered":"<p>[et_pb_section bb_built=&#8221;1&#8243; background_color=&#8221;#000000&#8243; _builder_version=&#8221;3.0.92&#8243; custom_padding=&#8221;1px|0px|15px|0px&#8221;][et_pb_row custom_padding=&#8221;21px|0px|0px|0px&#8221; _builder_version=&#8221;3.0.92&#8243;][et_pb_column type=&#8221;4_4&#8243;][et_pb_video _builder_version=&#8221;3.0.92&#8243; src=&#8221;https:\/\/www.youtube.com\/watch?v=mYgDUOy7a8Y&#8221; image_src=&#8221;\/\/i.ytimg.com\/vi\/mYgDUOy7a8Y\/hqdefault.jpg&#8221; \/][\/et_pb_column][\/et_pb_row][\/et_pb_section][et_pb_section bb_built=&#8221;1&#8243; background_color=&#8221;#FF6600&#8243; fullwidth=&#8221;on&#8221; _builder_version=&#8221;3.0.92&#8243; background_image=&#8221;https:\/\/construtorres.net.br\/site\/wp-content\/uploads\/2022\/06\/tijolopreto.jpg&#8221; custom_padding=&#8221;49px|0px|58px|0px&#8221;][et_pb_fullwidth_slider show_inner_shadow=&#8221;off&#8221; _builder_version=&#8221;3.0.92&#8243; custom_padding=&#8221;362px||362px|&#8221; custom_padding_tablet=&#8221;140px||130px|&#8221; custom_padding_phone=&#8221;75px||80px|&#8221; custom_padding_last_edited=&#8221;on|desktop&#8221; animation_style=&#8221;bounce&#8221; auto=&#8221;on&#8221; auto_ignore_hover=&#8221;on&#8221; show_arrows=&#8221;on&#8221; show_pagination=&#8221;on&#8221; custom_button=&#8221;off&#8221; button_icon_placement=&#8221;right&#8221; show_content_on_mobile=&#8221;on&#8221; show_cta_on_mobile=&#8221;on&#8221; show_image_video_mobile=&#8221;off&#8221;][et_pb_slide button_link=&#8221;https:\/\/wa.me\/message\/ZDHV4ZMDG7NJM1&#8243; use_bg_overlay=&#8221;off&#8221; use_text_overlay=&#8221;off&#8221; _builder_version=&#8221;3.0.92&#8243; background_color=&#8221;rgba(255,255,255,0)&#8221; background_image=&#8221;https:\/\/construtorres.net.br\/site\/wp-content\/uploads\/2024\/04\/Site-1.png&#8221; background_size=&#8221;contain&#8221; use_background_color_gradient=&#8221;off&#8221; background_color_gradient_start=&#8221;#2b87da&#8221; background_color_gradient_end=&#8221;#29c4a9&#8243; background_color_gradient_type=&#8221;linear&#8221; background_color_gradient_direction=&#8221;180deg&#8221; background_color_gradient_direction_radial=&#8221;center&#8221; background_color_gradient_start_position=&#8221;0%&#8221; background_color_gradient_end_position=&#8221;100%&#8221; background_color_gradient_overlays_image=&#8221;off&#8221; parallax=&#8221;off&#8221; parallax_method=&#8221;on&#8221; background_position=&#8221;center&#8221; background_repeat=&#8221;no-repeat&#8221; background_blend=&#8221;normal&#8221; [&hellip;]<\/p>\n","protected":false},"author":1,"featured_media":0,"parent":0,"menu_order":0,"comment_status":"closed","ping_status":"closed","template":"","meta":[],"_links":{"self":[{"href":"https:\/\/construtorres.net.br\/site\/wp-json\/wp\/v2\/pages\/40"}],"collection":[{"href":"https:\/\/construtorres.net.br\/site\/wp-json\/wp\/v2\/pages"}],"about":[{"href":"https:\/\/construtorres.net.br\/site\/wp-json\/wp\/v2\/types\/page"}],"author":[{"embeddable":true,"href":"https:\/\/construtorres.net.br\/site\/wp-json\/wp\/v2\/users\/1"}],"replies":[{"embeddable":true,"href":"https:\/\/construtorres.net.br\/site\/wp-json\/wp\/v2\/comments?post=40"}],"version-history":[{"count":387,"href":"https:\/\/construtorres.net.br\/site\/wp-json\/wp\/v2\/pages\/40\/revisions"}],"predecessor-version":[{"id":1836,"href":"https:\/\/construtorres.net.br\/site\/wp-json\/wp\/v2\/pages\/40\/revisions\/1836"}],"wp:attachment":[{"href":"https:\/\/construtorres.net.br\/site\/wp-json\/wp\/v2\/media?parent=40"}],"curies":[{"name":"wp","href":"https:\/\/api.w.org\/{rel}","templated":true}]}}