{"id":264,"date":"2019-01-26T04:03:22","date_gmt":"2019-01-26T04:03:22","guid":{"rendered":"http:\/\/construtorres.net.br\/site\/sobrenos-copy\/"},"modified":"2022-03-09T16:21:13","modified_gmt":"2022-03-09T16:21:13","slug":"faleconosco","status":"publish","type":"page","link":"https:\/\/construtorres.net.br\/site\/faleconosco\/","title":{"rendered":"Fale Conosco"},"content":{"rendered":"<p>[et_pb_section bb_built=&#8221;1&#8243; _builder_version=&#8221;3.0.92&#8243; background_image=&#8221;https:\/\/construtorres.net.br\/site\/wp-content\/uploads\/2019\/01\/contato1.jpg&#8221; custom_padding=&#8221;129px|0px|115px|0px&#8221;][et_pb_row _builder_version=&#8221;3.0.92&#8243;][et_pb_column type=&#8221;4_4&#8243;][et_pb_text background_layout=&#8221;dark&#8221; _builder_version=&#8221;3.0.92&#8243; text_font=&#8221;Roboto Condensed|700|on||||||&#8221; text_font_size=&#8221;51px&#8221;]<\/p>\n<p>FALE CONOSCO<\/p>\n<p>[\/et_pb_text][\/et_pb_column][\/et_pb_row][\/et_pb_section][et_pb_section bb_built=&#8221;1&#8243; _builder_version=&#8221;3.0.92&#8243;][et_pb_row _builder_version=&#8221;3.0.92&#8243;][et_pb_column type=&#8221;1_2&#8243;][et_pb_text _builder_version=&#8221;3.0.92&#8243; background_layout=&#8221;light&#8221;]<\/p>\n<p><strong>Atendimento:<\/strong><br \/>\n(14) 3812-8000<br \/>\n(14) 98824-2886<br \/>\n(14) 91004-1000<br \/>\nconstrutorres@construtorres.com.br<\/p>\n<p><strong>Correspond\u00eancia<\/strong><br \/>\nRua Lu\u00edsa Ludvica Levay, 251, Bairro Ch\u00e1cara Alian\u00e7a em frente a Rodovia Marechal Rondon KM 271 \u2013 S\u00e3o Manuel \u2013 SP \u2013 CEP: 18650-000<\/p>\n<p>[\/et_pb_text][\/et_pb_column][et_pb_column type=&#8221;1_2&#8243;][et_pb_contact_form email=&#8221;construtorres@construtorres.com.br&#8221; module_id=&#8221;et_pb_contact_form_0&#8243; _builder_version=&#8221;3.0.92&#8243;][et_pb_contact_field field_id=&#8221;Name&#8221; field_title=&#8221;Nome&#8221; _builder_version=&#8221;3.0.47&#8243; border_radii=&#8221;on||||&#8221;][\/et_pb_contact_field][et_pb_contact_field field_id=&#8221;Email&#8221; field_title=&#8221;E-mail&#8221; field_type=&#8221;email&#8221; _builder_version=&#8221;3.0.47&#8243; border_radii=&#8221;on||||&#8221;][\/et_pb_contact_field][et_pb_contact_field field_id=&#8221;Cidade&#8221; field_title=&#8221;Cidade&#8221; _builder_version=&#8221;3.0.92&#8243;][\/et_pb_contact_field][et_pb_contact_field field_id=&#8221;Telefone&#8221; field_title=&#8221;Telefone&#8221; _builder_version=&#8221;3.0.92&#8243;][\/et_pb_contact_field][et_pb_contact_field field_id=&#8221;Message&#8221; field_title=&#8221;Mensagem&#8221; field_type=&#8221;text&#8221; fullwidth_field=&#8221;on&#8221; _builder_version=&#8221;3.0.47&#8243; border_radii=&#8221;on||||&#8221;][\/et_pb_contact_field][\/et_pb_contact_form][\/et_pb_column][\/et_pb_row][et_pb_row _builder_version=&#8221;3.0.92&#8243;][et_pb_column type=&#8221;4_4&#8243;][et_pb_image src=&#8221;https:\/\/construtorres.net.br\/site\/wp-content\/uploads\/2019\/01\/Capturar.png&#8221; _builder_version=&#8221;3.0.92&#8243; border_width_all=&#8221;10px&#8221; border_color_all=&#8221;#3a306c&#8221;]<\/p>\n<p>&nbsp;<\/p>\n<p>[\/et_pb_image][\/et_pb_column][\/et_pb_row][\/et_pb_section][et_pb_section bb_built=&#8221;1&#8243; _builder_version=&#8221;3.0.92&#8243; custom_padding=&#8221;20px|0px|71px|0px&#8221; global_module=&#8221;242&#8243;][et_pb_row global_parent=&#8221;242&#8243; make_fullwidth=&#8221;on&#8221; custom_padding=&#8221;50px|50px|50px|50px&#8221; _builder_version=&#8221;3.0.92&#8243; background_image=&#8221;https:\/\/construtorres.net.br\/site\/wp-content\/uploads\/2019\/01\/bg_construtorres.jpg&#8221; border_width_top=&#8221;7px&#8221; border_color_top=&#8221;#3a306c&#8221; border_width_bottom=&#8221;8px&#8221; border_color_bottom=&#8221;#3a306c&#8221;][et_pb_column type=&#8221;1_2&#8243;][et_pb_text global_parent=&#8221;242&#8243; _builder_version=&#8221;3.0.92&#8243; text_font=&#8221;Roboto Condensed|700|on||||||&#8221; text_font_size=&#8221;54px&#8221; text_font_size_phone=&#8221;28px&#8221; text_font_size_last_edited=&#8221;on|phone&#8221; text_orientation=&#8221;center&#8221;]<\/p>\n<p>SHOW ROOM<\/p>\n<p>[\/et_pb_text][et_pb_text global_parent=&#8221;242&#8243; _builder_version=&#8221;3.0.92&#8243;]<\/p>\n<p style=\"text-align: justify;\">A estrutura atual foi inaugurada em 2010, com o objetivo de melhorar o atendimento e de expandir os neg\u00f3cios para as demais cidades da regi\u00e3o, j\u00e1 que a estrutura tem capacidade para atender uma popula\u00e7\u00e3o de 300 mil habitantes, sendo considerada a loja de\u00a0<b>materiais de constru\u00e7\u00e3o<\/b>\u00a0com o maior espa\u00e7o f\u00edsico da regi\u00e3o.<\/p>\n<p>[\/et_pb_text][et_pb_text global_parent=&#8221;242&#8243; _builder_version=&#8221;3.0.92&#8243;]<\/p>\n<p style=\"text-align: justify;\"><strong>DEPARTAMENTOS<\/strong><\/p>\n<p style=\"text-align: justify;\">\u2022 Banheiro\u00a0 \u00a0 \u00a0 \u00a0 \u00a0 \u00a0 \u00a0 \u00a0 \u00a0 \u00a0 \u00a0 \u00a0 \u00a0 \u00a0 \u00a0 \u00a0 \u00a0 \u00a0 \u00a0 \u00a0 \u2022 Cozinha e Lavanderia<br \/>\n\u2022 Ilumina\u00e7\u00e3o\u00a0 \u00a0 \u00a0 \u00a0 \u00a0 \u00a0 \u00a0 \u00a0 \u00a0 \u00a0 \u00a0 \u00a0 \u00a0 \u00a0 \u00a0 \u00a0 \u00a0 \u00a0 \u00a0\u2022 Pisos e Revestimentos<br \/>\n\u2022 Portas e Janelas \u00a0 \u00a0 \u00a0 \u00a0 \u00a0 \u00a0 \u00a0 \u00a0 \u00a0 \u00a0 \u00a0 \u00a0 \u00a0 \u00a0\u2022 \u00c1rea Externa<br \/>\n\u2022 Pintura\u00a0\u00a0 \u00a0 \u00a0 \u00a0 \u00a0 \u00a0 \u00a0 \u00a0 \u00a0 \u00a0 \u00a0 \u00a0 \u00a0 \u00a0 \u00a0 \u00a0 \u00a0 \u00a0 \u00a0 \u00a0 \u00a0 \u2022 El\u00e9trica<br \/>\n\u2022 Ferramentas \u00a0 \u00a0 \u00a0 \u00a0 \u00a0 \u00a0 \u00a0 \u00a0 \u00a0 \u00a0 \u00a0 \u00a0 \u00a0 \u00a0 \u00a0 \u00a0 \u2022 Hidr\u00e1ulica<br \/>\n\u2022 Materiais para Constru\u00e7\u00e3o\u00a0 \u00a0 \u00a0 \u00a0 \u2022 Decora\u00e7\u00e3o e Organiza\u00e7\u00e3o<br \/>\n\u2022 Fechaduras e Dobradi\u00e7as\u00a0 \u00a0 \u00a0 \u00a0 \u00a0 \u2022 Utilidades<\/p>\n<p>[\/et_pb_text][et_pb_text global_parent=&#8221;242&#8243; _builder_version=&#8221;3.0.92&#8243;]<\/p>\n<p style=\"text-align: center;\"><b>CONTINUE LENDO SOBRE A CONSTRUTURRES:<br \/>\n<\/b><\/p>\n<p>[\/et_pb_text][et_pb_button global_parent=&#8221;242&#8243; button_url=&#8221;http:\/\/construtorres.net.br\/site\/sobrenos\/&#8221; button_text=&#8221;CONHE\u00c7A NOSSA HIST\u00d3RIA !&#8221; button_alignment=&#8221;center&#8221; _builder_version=&#8221;3.0.92&#8243; custom_button=&#8221;on&#8221; button_text_size=&#8221;32px&#8221; button_text_color=&#8221;#ffffff&#8221; button_bg_color=&#8221;#3A306C&#8221; button_border_width=&#8221;0px&#8221; button_font=&#8221;||||||||&#8221; button_icon=&#8221;%%3%%&#8221; button_text_size_phone=&#8221;18px&#8221; button_text_size_last_edited=&#8221;on|desktop&#8221;]<\/p>\n<p>&nbsp;<\/p>\n<p>[\/et_pb_button][\/et_pb_column][et_pb_column type=&#8221;1_2&#8243;][et_pb_gallery global_parent=&#8221;242&#8243; gallery_ids=&#8221;119,120,121,126,128,130,134,141,158,159,160,161&#8243; gallery_captions=&#8221;,,,,,,,,,,,,,,,,,,,,,,,,,,,,,,,,,,,,,,,,,,,&#8221; fullwidth=&#8221;on&#8221; hover_icon=&#8221;%%51%%&#8221; _builder_version=&#8221;3.0.92&#8243; pagination_font_size_tablet=&#8221;51&#8243; pagination_line_height_tablet=&#8221;2&#8243; border_width_all=&#8221;19px&#8221; border_color_all=&#8221;#ffffff&#8221; box_shadow_style=&#8221;preset1&#8243;]<\/p>\n<p>&nbsp;<\/p>\n<p>[\/et_pb_gallery][\/et_pb_column][\/et_pb_row][\/et_pb_section][et_pb_section bb_built=&#8221;1&#8243; _builder_version=&#8221;3.0.92&#8243; custom_padding=&#8221;0px|0px|0px|0px&#8221; global_module=&#8221;244&#8243;][et_pb_row global_parent=&#8221;244&#8243; _builder_version=&#8221;3.0.92&#8243;][et_pb_column type=&#8221;4_4&#8243;][et_pb_text global_parent=&#8221;244&#8243; _builder_version=&#8221;3.0.92&#8243; max_width=&#8221;98%&#8221; module_alignment=&#8221;center&#8221; background_layout=&#8221;light&#8221;]<\/p>\n<p><img loading=\"lazy\" class=\"wp-image-47 alignnone size-medium\" src=\"https:\/\/construtorres.net.br\/site\/wp-content\/uploads\/2019\/01\/palladium.jpg\" alt=\"\" width=\"118\" height=\"60\" \/>\u00a0 \u00a0<img loading=\"lazy\" class=\"wp-image-48 alignnone size-medium\" src=\"https:\/\/construtorres.net.br\/site\/wp-content\/uploads\/2019\/01\/docol.jpg\" alt=\"\" width=\"118\" height=\"60\" \/>\u00a0\u00a0 <img loading=\"lazy\" class=\"wp-image-49 alignnone size-medium\" src=\"https:\/\/construtorres.net.br\/site\/wp-content\/uploads\/2019\/01\/suvinil.jpg\" alt=\"\" width=\"118\" height=\"60\" \/>\u00a0\u00a0 <img loading=\"lazy\" class=\"wp-image-50 alignnone size-medium\" src=\"https:\/\/construtorres.net.br\/site\/wp-content\/uploads\/2019\/01\/tigre.jpg\" alt=\"\" width=\"118\" height=\"60\" \/>\u00a0\u00a0 <img loading=\"lazy\" class=\"wp-image-51 alignnone size-medium\" src=\"https:\/\/construtorres.net.br\/site\/wp-content\/uploads\/2019\/01\/kimetais.jpg\" alt=\"\" width=\"118\" height=\"60\" \/>\u00a0\u00a0 <img loading=\"lazy\" class=\"wp-image-52 alignnone size-medium\" src=\"https:\/\/construtorres.net.br\/site\/wp-content\/uploads\/2019\/01\/hydra.jpg\" alt=\"\" width=\"118\" height=\"60\" \/>\u00a0\u00a0 <img loading=\"lazy\" class=\"wp-image-53 alignnone size-medium\" src=\"https:\/\/construtorres.net.br\/site\/wp-content\/uploads\/2019\/01\/lume.jpg\" alt=\"\" width=\"118\" height=\"60\" \/>\u00a0\u00a0 <img loading=\"lazy\" class=\"wp-image-54 alignnone size-medium\" src=\"https:\/\/construtorres.net.br\/site\/wp-content\/uploads\/2019\/01\/sasazaki.jpg\" alt=\"\" width=\"118\" height=\"60\" \/><\/p>\n<p>[\/et_pb_text][\/et_pb_column][\/et_pb_row][\/et_pb_section]<\/p>\n","protected":false},"excerpt":{"rendered":"<p>[et_pb_section bb_built=&#8221;1&#8243; _builder_version=&#8221;3.0.92&#8243; background_image=&#8221;https:\/\/construtorres.net.br\/site\/wp-content\/uploads\/2019\/01\/contato1.jpg&#8221; custom_padding=&#8221;129px|0px|115px|0px&#8221;][et_pb_row _builder_version=&#8221;3.0.92&#8243;][et_pb_column type=&#8221;4_4&#8243;][et_pb_text background_layout=&#8221;dark&#8221; _builder_version=&#8221;3.0.92&#8243; text_font=&#8221;Roboto Condensed|700|on||||||&#8221; text_font_size=&#8221;51px&#8221;] FALE CONOSCO [\/et_pb_text][\/et_pb_column][\/et_pb_row][\/et_pb_section][et_pb_section bb_built=&#8221;1&#8243; _builder_version=&#8221;3.0.92&#8243;][et_pb_row _builder_version=&#8221;3.0.92&#8243;][et_pb_column type=&#8221;1_2&#8243;][et_pb_text _builder_version=&#8221;3.0.92&#8243; background_layout=&#8221;light&#8221;] Atendimento: (14) 3812-8000 (14) 98824-2886 (14) 91004-1000 construtorres@construtorres.com.br Correspond\u00eancia Rua Lu\u00edsa Ludvica Levay, 251, Bairro Ch\u00e1cara Alian\u00e7a em frente a Rodovia Marechal Rondon KM 271 \u2013 S\u00e3o Manuel \u2013 SP \u2013 CEP: 18650-000 [\/et_pb_text][\/et_pb_column][et_pb_column [&hellip;]<\/p>\n","protected":false},"author":1,"featured_media":0,"parent":0,"menu_order":0,"comment_status":"closed","ping_status":"closed","template":"","meta":[],"_links":{"self":[{"href":"https:\/\/construtorres.net.br\/site\/wp-json\/wp\/v2\/pages\/264"}],"collection":[{"href":"https:\/\/construtorres.net.br\/site\/wp-json\/wp\/v2\/pages"}],"about":[{"href":"https:\/\/construtorres.net.br\/site\/wp-json\/wp\/v2\/types\/page"}],"author":[{"embeddable":true,"href":"https:\/\/construtorres.net.br\/site\/wp-json\/wp\/v2\/users\/1"}],"replies":[{"embeddable":true,"href":"https:\/\/construtorres.net.br\/site\/wp-json\/wp\/v2\/comments?post=264"}],"version-history":[{"count":9,"href":"https:\/\/construtorres.net.br\/site\/wp-json\/wp\/v2\/pages\/264\/revisions"}],"predecessor-version":[{"id":1337,"href":"https:\/\/construtorres.net.br\/site\/wp-json\/wp\/v2\/pages\/264\/revisions\/1337"}],"wp:attachment":[{"href":"https:\/\/construtorres.net.br\/site\/wp-json\/wp\/v2\/media?parent=264"}],"curies":[{"name":"wp","href":"https:\/\/api.w.org\/{rel}","templated":true}]}}