{"id":251,"date":"2019-01-26T03:53:25","date_gmt":"2019-01-26T03:53:25","guid":{"rendered":"http:\/\/construtorres.net.br\/site\/home-copy\/"},"modified":"2021-01-12T14:34:53","modified_gmt":"2021-01-12T14:34:53","slug":"sobrenos","status":"publish","type":"page","link":"https:\/\/construtorres.net.br\/site\/sobrenos\/","title":{"rendered":"Sobre n\u00f3s"},"content":{"rendered":"<p>[et_pb_section fb_built=&#8221;1&#8243; _builder_version=&#8221;3.0.92&#8243; background_image=&#8221;https:\/\/construtorres.net.br\/site\/wp-content\/uploads\/2019\/02\/topo-sobre-1024x358_2.jpg&#8221; custom_padding=&#8221;129px|0px|115px|0px&#8221;][et_pb_row _builder_version=&#8221;3.0.92&#8243;][et_pb_column type=&#8221;4_4&#8243; _builder_version=&#8221;3.0.47&#8243; parallax=&#8221;off&#8221; parallax_method=&#8221;on&#8221;][\/et_pb_column][\/et_pb_row][\/et_pb_section][et_pb_section fb_built=&#8221;1&#8243; _builder_version=&#8221;3.0.92&#8243;][et_pb_row _builder_version=&#8221;3.0.92&#8243;][et_pb_column type=&#8221;4_4&#8243; _builder_version=&#8221;3.0.47&#8243; parallax=&#8221;off&#8221; parallax_method=&#8221;on&#8221;][et_pb_text _builder_version=&#8221;3.0.92&#8243; text_font=&#8221;Roboto Condensed|700|on||||||&#8221; text_font_size=&#8221;51px&#8221;]SOBRE N\u00d3S<br \/>\n[\/et_pb_text][\/et_pb_column][\/et_pb_row][et_pb_row _builder_version=&#8221;3.0.92&#8243;][et_pb_column type=&#8221;1_2&#8243; _builder_version=&#8221;3.0.47&#8243; parallax=&#8221;off&#8221; parallax_method=&#8221;on&#8221;][et_pb_text _builder_version=&#8221;3.0.92&#8243;]<\/p>\n<p><strong>A jornada de um ideal<\/strong><\/p>\n<p>A Construtorres \u00e9 uma empresa de origem familiar e tradicional na cidade de S\u00e3o Manuel, Sua hist\u00f3ria come\u00e7ou por volta de 1953, quando o pai do atual propriet\u00e1rio da loja come\u00e7ou trabalhar com o com\u00e9rcio de lenha para padarias, pontos de com\u00e9rcio e at\u00e9 mesmo para consumidores finais, devido ao fato de n\u00e3o haver g\u00e1s na \u00e9poca. Com a chegada do g\u00e1s alguns anos depois, a comercializa\u00e7\u00e3o desse material teve uma queda consider\u00e1vel, surgindo assim a necessidade de criar alternativas para novos mercados. Em meados de 1968\/1970, com a aquisi\u00e7\u00e3o de um pequeno caminh\u00e3o foi poss\u00edvel iniciar uma nova empreitada, come\u00e7aram aos poucos a compra de areia, tijolos, ferros de constru\u00e7\u00e3o e pedra para revender. Esses materiais eram vendidos no pr\u00f3prio quintal da resid\u00eancia da fam\u00edlia.<\/p>\n<p><strong>Oportunidade a vista<\/strong><\/p>\n<p>Foram muitos anos at\u00e9 que em meados de 1986 Durval Torres (Atual Propriet\u00e1rio), viu naquele pequeno neg\u00f3cio de fam\u00edlia uma oportunidade de neg\u00f3cio que iria mudar o rumo de sua vida e tamb\u00e9m o rumo do pequeno dep\u00f3sito de materiais de constru\u00e7\u00e3o. Com muito trabalho e dedica\u00e7\u00e3o os resultados positivos come\u00e7aram aparecer de maneira gradativa. No come\u00e7o, a empresa permaneceu na pr\u00f3pria casa, por\u00e9m com o aumento da demanda, o propriet\u00e1rio foi obrigado a alugar um local para atender, deixando o quintal da casa apenas para dep\u00f3sito<\/p>\n<p>[\/et_pb_text][\/et_pb_column][et_pb_column type=&#8221;1_2&#8243; _builder_version=&#8221;3.0.47&#8243; parallax=&#8221;off&#8221; parallax_method=&#8221;on&#8221;][et_pb_image src=&#8221;https:\/\/construtorres.net.br\/site\/wp-content\/uploads\/2019\/01\/sobre-img1-1.jpg&#8221; _builder_version=&#8221;3.0.92&#8243;]\u00a0<br \/>\n[\/et_pb_image][\/et_pb_column][\/et_pb_row][et_pb_row _builder_version=&#8221;3.0.92&#8243;][et_pb_column type=&#8221;4_4&#8243; _builder_version=&#8221;3.0.47&#8243; parallax=&#8221;off&#8221; parallax_method=&#8221;on&#8221;][et_pb_image src=&#8221;https:\/\/construtorres.net.br\/site\/wp-content\/uploads\/2019\/01\/sobre-img2.jpg&#8221; _builder_version=&#8221;3.0.92&#8243;]\u00a0<br \/>\n[\/et_pb_image][\/et_pb_column][\/et_pb_row][et_pb_row _builder_version=&#8221;3.0.92&#8243;][et_pb_column type=&#8221;4_4&#8243; _builder_version=&#8221;3.0.47&#8243; parallax=&#8221;off&#8221; parallax_method=&#8221;on&#8221;][et_pb_text _builder_version=&#8221;3.0.92&#8243;]<\/p>\n<h2>Expandindo horizontes<\/h2>\n<p>O tempo foi passando, e o neg\u00f3cio tomou propor\u00e7\u00f5es ainda maiores, sendo necess\u00e1rio construir um local onde o atendimento e at\u00e9 mesmo o armazenamento dos materiais fossem feitos; esse local existe at\u00e9 hoje. Algumas reformas foram aplicadas ao longo dos anos, mas, como o lugar era estrat\u00e9gico, mant\u00ea-lo foi uma quest\u00e3o de tradi\u00e7\u00e3o e facilidade de acesso.<\/p>\n<h2>Na busca de objetivos ainda maiores<\/h2>\n<p>A estrutura atual foi inaugurada em 2010, com o objetivo de melhorar o atendimento e de expandir os neg\u00f3cios para as demais cidades da regi\u00e3o, j\u00e1 que a estrutura tem capacidade para atender uma popula\u00e7\u00e3o de 300 mil habitantes, sendo considerada uma das lojas de\u00a0<b>materiais de constru\u00e7\u00e3o<\/b>\u00a0com o maior espa\u00e7o f\u00edsico da regi\u00e3o.<\/p>\n<p>[\/et_pb_text][\/et_pb_column][\/et_pb_row][et_pb_row _builder_version=&#8221;3.0.92&#8243;][et_pb_column type=&#8221;4_4&#8243; _builder_version=&#8221;3.0.47&#8243; parallax=&#8221;off&#8221; parallax_method=&#8221;on&#8221;][et_pb_text _builder_version=&#8221;3.0.92&#8243; text_font=&#8221;Roboto Condensed|700|on||||||&#8221; text_font_size=&#8221;51px&#8221;]<\/p>\n<p style=\"text-align: center;\">SHOW ROOM<\/p>\n<p>[\/et_pb_text][et_pb_image src=&#8221;https:\/\/construtorres.net.br\/site\/wp-content\/uploads\/2020\/08\/sasa-1.png&#8221; _builder_version=&#8221;3.0.92&#8243;]\u00a0<br \/>\n[\/et_pb_image][\/et_pb_column][\/et_pb_row][et_pb_row _builder_version=&#8221;3.0.92&#8243;][et_pb_column type=&#8221;4_4&#8243; _builder_version=&#8221;3.0.47&#8243; parallax=&#8221;off&#8221; parallax_method=&#8221;on&#8221;][et_pb_gallery gallery_ids=&#8221;118,119,120,121,123,124,126,128,129,130,131,132,133,134,136,137,138,139,140,144,145,146,147,148,149,150,151,152,159,160,161&#8243; gallery_captions=&#8221;,,,,,,,,,,,,,,,,,,,,,,,,,,,,,,,,,,,,,,,,,,,&#8221; fullwidth=&#8221;on&#8221; hover_icon=&#8221;%%51%%&#8221; _builder_version=&#8221;3.0.92&#8243; pagination_font_size_tablet=&#8221;51&#8243; pagination_line_height_tablet=&#8221;2&#8243; border_width_all=&#8221;19px&#8221; border_color_all=&#8221;#ffffff&#8221; box_shadow_style=&#8221;preset1&#8243;]\u00a0<br \/>\n[\/et_pb_gallery][\/et_pb_column][\/et_pb_row][\/et_pb_section][et_pb_section fb_built=&#8221;1&#8243; _builder_version=&#8221;3.0.92&#8243; custom_padding=&#8221;0px|0px|0px|0px&#8221; global_module=&#8221;244&#8243;][et_pb_row _builder_version=&#8221;3.0.92&#8243;][et_pb_column type=&#8221;4_4&#8243; _builder_version=&#8221;3.0.47&#8243; parallax=&#8221;off&#8221; parallax_method=&#8221;on&#8221;][et_pb_text _builder_version=&#8221;3.0.92&#8243; max_width=&#8221;98%&#8221; module_alignment=&#8221;center&#8221;]<\/p>\n<p><img loading=\"lazy\" class=\"wp-image-47 alignnone size-medium\" src=\"https:\/\/construtorres.net.br\/site\/wp-content\/uploads\/2019\/01\/palladium.jpg\" alt=\"\" width=\"118\" height=\"60\" \/>\u00a0 \u00a0<img loading=\"lazy\" class=\"wp-image-48 alignnone size-medium\" src=\"https:\/\/construtorres.net.br\/site\/wp-content\/uploads\/2019\/01\/docol.jpg\" alt=\"\" width=\"118\" height=\"60\" \/>\u00a0\u00a0 <img loading=\"lazy\" class=\"wp-image-49 alignnone size-medium\" src=\"https:\/\/construtorres.net.br\/site\/wp-content\/uploads\/2019\/01\/suvinil.jpg\" alt=\"\" width=\"118\" height=\"60\" \/>\u00a0\u00a0 <img loading=\"lazy\" class=\"wp-image-50 alignnone size-medium\" src=\"https:\/\/construtorres.net.br\/site\/wp-content\/uploads\/2019\/01\/tigre.jpg\" alt=\"\" width=\"118\" height=\"60\" \/>\u00a0\u00a0 <img loading=\"lazy\" class=\"wp-image-51 alignnone size-medium\" src=\"https:\/\/construtorres.net.br\/site\/wp-content\/uploads\/2019\/01\/kimetais.jpg\" alt=\"\" width=\"118\" height=\"60\" \/>\u00a0\u00a0 <img loading=\"lazy\" class=\"wp-image-52 alignnone size-medium\" src=\"https:\/\/construtorres.net.br\/site\/wp-content\/uploads\/2019\/01\/hydra.jpg\" alt=\"\" width=\"118\" height=\"60\" \/>\u00a0\u00a0 <img loading=\"lazy\" class=\"wp-image-53 alignnone size-medium\" src=\"https:\/\/construtorres.net.br\/site\/wp-content\/uploads\/2019\/01\/lume.jpg\" alt=\"\" width=\"118\" height=\"60\" \/>\u00a0\u00a0 <img loading=\"lazy\" class=\"wp-image-54 alignnone size-medium\" src=\"https:\/\/construtorres.net.br\/site\/wp-content\/uploads\/2019\/01\/sasazaki.jpg\" alt=\"\" width=\"118\" height=\"60\" \/><\/p>\n<p>[\/et_pb_text][\/et_pb_column][\/et_pb_row][\/et_pb_section]<\/p>\n","protected":false},"excerpt":{"rendered":"<p>[et_pb_section fb_built=&#8221;1&#8243; _builder_version=&#8221;3.0.92&#8243; background_image=&#8221;https:\/\/construtorres.net.br\/site\/wp-content\/uploads\/2019\/02\/topo-sobre-1024x358_2.jpg&#8221; custom_padding=&#8221;129px|0px|115px|0px&#8221;][et_pb_row _builder_version=&#8221;3.0.92&#8243;][et_pb_column type=&#8221;4_4&#8243; _builder_version=&#8221;3.0.47&#8243; parallax=&#8221;off&#8221; parallax_method=&#8221;on&#8221;][\/et_pb_column][\/et_pb_row][\/et_pb_section][et_pb_section fb_built=&#8221;1&#8243; _builder_version=&#8221;3.0.92&#8243;][et_pb_row _builder_version=&#8221;3.0.92&#8243;][et_pb_column type=&#8221;4_4&#8243; _builder_version=&#8221;3.0.47&#8243; parallax=&#8221;off&#8221; parallax_method=&#8221;on&#8221;][et_pb_text _builder_version=&#8221;3.0.92&#8243; text_font=&#8221;Roboto Condensed|700|on||||||&#8221; text_font_size=&#8221;51px&#8221;]SOBRE N\u00d3S [\/et_pb_text][\/et_pb_column][\/et_pb_row][et_pb_row _builder_version=&#8221;3.0.92&#8243;][et_pb_column type=&#8221;1_2&#8243; _builder_version=&#8221;3.0.47&#8243; parallax=&#8221;off&#8221; parallax_method=&#8221;on&#8221;][et_pb_text _builder_version=&#8221;3.0.92&#8243;] A jornada de um ideal A Construtorres \u00e9 uma empresa de origem familiar e tradicional na cidade de S\u00e3o Manuel, Sua hist\u00f3ria come\u00e7ou por volta de [&hellip;]<\/p>\n","protected":false},"author":1,"featured_media":0,"parent":0,"menu_order":0,"comment_status":"closed","ping_status":"closed","template":"","meta":[],"_links":{"self":[{"href":"https:\/\/construtorres.net.br\/site\/wp-json\/wp\/v2\/pages\/251"}],"collection":[{"href":"https:\/\/construtorres.net.br\/site\/wp-json\/wp\/v2\/pages"}],"about":[{"href":"https:\/\/construtorres.net.br\/site\/wp-json\/wp\/v2\/types\/page"}],"author":[{"embeddable":true,"href":"https:\/\/construtorres.net.br\/site\/wp-json\/wp\/v2\/users\/1"}],"replies":[{"embeddable":true,"href":"https:\/\/construtorres.net.br\/site\/wp-json\/wp\/v2\/comments?post=251"}],"version-history":[{"count":15,"href":"https:\/\/construtorres.net.br\/site\/wp-json\/wp\/v2\/pages\/251\/revisions"}],"predecessor-version":[{"id":1515,"href":"https:\/\/construtorres.net.br\/site\/wp-json\/wp\/v2\/pages\/251\/revisions\/1515"}],"wp:attachment":[{"href":"https:\/\/construtorres.net.br\/site\/wp-json\/wp\/v2\/media?parent=251"}],"curies":[{"name":"wp","href":"https:\/\/api.w.org\/{rel}","templated":true}]}}